{"id":1761,"date":"2023-02-10T12:53:25","date_gmt":"2023-02-10T10:53:25","guid":{"rendered":"https:\/\/quiltimprov.art\/?page_id=1761"},"modified":"2023-02-10T16:17:00","modified_gmt":"2023-02-10T14:17:00","slug":"dualism-challenge","status":"publish","type":"page","link":"https:\/\/quiltimprov.art\/it\/dualism-challenge\/","title":{"rendered":"Dualism challenge"},"content":{"rendered":"<div class=\"color1-background-color color-1-text-contrast bg-background-color tmpl-premium-6 boldgrid-section dynamic-gridblock\">\n<div class=\"container\">\n<div class=\"row color3-background-color color-3-text-contrast bg-background-color\" style=\"padding-top: 50px; padding-bottom: 50px; border-width: 0px;\">\n<div class=\"col-md-1 col-sm-1 col-xs-12 col-lg-1\"><\/div>\n<div class=\"col-md-10 col-sm-10 col-xs-12 col-lg-10\">\n<div class=\"bg-box\">\n<h1 class=\"color2-color\" style=\"text-align: center; margin-bottom: 0;\">IMPROVVISARE CON IL DUALISMO!<\/h1>\n<div class=\"row bg-editor-hr-wrap\">\n<div class=\"col-lg-12 col-md-12 col-xs-12 col-sm-12\">\n<hr class=\"color2-color bg-hr\" style=\"text-align: center; border: 2px solid;\" width=\"25%\">\n<\/div>\n<\/div>\n<p class=\"\">\"QIS Dualism\" \u00e8 il nostro settimo gioco, pensato per sperimentare la composizione con una coppia di opposti, con il contrasto, con emozioni discordanti, nel periodo che va dal 10 febbraio al 2 luglio 2023.<\/p>\n<\/div>\n<\/div>\n<div class=\"col-md-1 col-sm-1 col-xs-12 col-lg-1\"><\/div>\n<\/div>\n<div class=\"row\" style=\"padding-top: 50px; padding-bottom: 50px;\">\n<div class=\"col-md-6 col-sm-12 col-xs-12 col-lg-6\">\n<h2 class=\"color2-color\">Quanti sono i modi per rendere espressivo il nostro quilt?<\/h2>\n<p class=\"\">Il dualismo pu\u00f2 essere rappresentato con il colore. Provate a vedere come \u00e8 stato suddiviso in due zone contrastanti il quilt, in <span style=\"text-decoration: underline;\"><a href=\"https:\/\/www.instagram.com\/p\/CMF1Eu5H1JJ\/\">questo lavoro<\/a><\/span> di <a href=\"https:\/\/www.instagram.com\/thekingslacker\/\"><span style=\"text-decoration: underline;\">Ken Smith<\/span><\/a> che ha realizzato un bell'esempio di dualismo fra il colore e la sua assenza.<\/p>\n<p class=\"\">L\u2019improv \u00e8 una tecnica in cui le forme che cuciamo cambiano l\u2019aspetto del quilt gradualmente. Quanti <span style=\"text-decoration: underline;\"><a href=\"https:\/\/mcescher.com\/gallery\/most-popular\/#iLightbox[gallery_image_1]\/9\">spunti<\/a><\/span> si possono trarre da un maestro nell\u2019uso delle forme, l\u2019artista grafico <span style=\"text-decoration: underline;\"><a href=\"https:\/\/mcescher.com\/\">M.C. Escher<\/a><\/span> , che ha creato una dicotomia di forme di pesci e uccelli in continuo mutamento nell\u2019opera \u201cSky and water I\u201d?<\/p>\n<p class=\"\">Anche creare punti focali con luci e ombre \u00e8 un esempio di tecnica compositiva dualistica. Ed ecco che torna in mente il lavoro che polarizza giorno e notte, dipinto da Ren\u00e9 Magritte, intitolato:<span style=\"text-decoration: underline;\"><a href=\"https:\/\/www.guggenheim-venice.it\/en\/art\/works\/empire-of-light\/\">\u201cImpero della luce<\/a><\/span>\u201d.<\/p>\n<p class=\"\">Per raccogliere idee da dedicare a questo gioco, abbiamo chiesto ai potenziali partecipanti tramite dei sondaggi quali sono gli elementi che vengono loro in mente, quando si parla di dualismo. Ecco cosa ci hanno risposto.&nbsp;<\/p>\n<p class=\"\">I primi esempi di dualismo sono stati coppie di elementi grafici: bianco e nero, luce e ombra, curve e linee rette, il sopra e il sotto, il contrasto e il bilanciamento. Poi sono arrivati anche concetti astratti: positivo e negativo, amore e timore, estasi e agonia: sono coppie di concetti fondamentali che coesistono in modo complementare o conflittuale. Non sono mancati esempi molto umani: uomo e donna, il dottor Jekill e mister Hyde, due uomini che si sfidano a duello, due voci che si alternano in una canzone. Certe proposte sono state complesse: le cose possono avere pi\u00f9 di uno scopo, avere due facce come una medaglia, lavorare in contrapposizione, e contenere pi\u00f9 di una idea contemporaneamente. Natualmente \u00e8 arrivato il rimando alla filosofia orientale, a yin e yang, a yoga e meditazione. E pure la fisica ha da ricordarci qualcosa: la luce ha natura corpuscolare e ondulatoria! Infine, non solo l\u2019unit\u00e0 pu\u00f2 essere divisa, ma anche due cose distinte possono convergere ed unirsi.<\/p>\n<p class=\"\">Pensate al vostro quilt come ad un'occasione per mostrare due sentimenti opposti, per usare elementi grafici contrastanti o esprimervi in altri modi che vi vengono in mente tramite la parola\/concetto \u201ddualismo\u201d, e usateli, ovviamente, in modo improv! Buon divertimento!<\/p>\n<p class=\"\">Di seguito potete trovare i dettagli del gioco.<\/p>\n<\/div>\n<div class=\"col-md-1 col-sm-12 col-xs-12 col-lg-1\"><\/div>\n<div class=\"col-md-5 col-sm-12 col-xs-12 col-lg-5\">\n<div class=\"boldgrid-wrap-row boldgrid-slider\" data-config=\"{&quot;arrows&quot;:false,&quot;autoplay&quot;:true,&quot;autoplaySpeed&quot;:&quot;8&quot;,&quot;dots&quot;:true,&quot;infinite&quot;:true,&quot;bgOptions&quot;:{&quot;arrowsPos&quot;:&quot;standard&quot;,&quot;arrowsOverlay&quot;:true,&quot;arrowsBgColor&quot;:&quot;1&quot;,&quot;arrowsIcon&quot;:&quot;angle&quot;,&quot;arrowsSize&quot;:&quot;30&quot;,&quot;dotsPos&quot;:&quot;bottom&quot;,&quot;dotsOverlay&quot;:false,&quot;dotsColor&quot;:&quot;1&quot;,&quot;dotsSize&quot;:&quot;50&quot;},&quot;colors&quot;:{&quot;arrowsBG&quot;:{&quot;type&quot;:&quot;class&quot;,&quot;value&quot;:&quot;1&quot;,&quot;text&quot;:&quot;&quot;},&quot;dotsColor&quot;:{&quot;type&quot;:&quot;class&quot;,&quot;value&quot;:&quot;1&quot;,&quot;text&quot;:&quot;&quot;}}}\">\n<div class=\"row\" style=\"width: 100%; display: inline-block;\">\n<div class=\"col-md-12 col-sm-12 col-xs-12 col-lg-12\">\n<div>\n<p class=\"\" style=\"text-align: center;\"><img loading=\"lazy\" decoding=\"async\" class=\"bg-img bg-img-3 aligncenter wp-image-1791 size-large\" src=\"https:\/\/quiltimprov.art\/wp-content\/uploads\/2023\/02\/order-disorder-by-Giovanna-1-769x1024.jpg\" alt=\"\" width=\"769\" height=\"1024\" srcset=\"https:\/\/quiltimprov.art\/wp-content\/uploads\/2023\/02\/order-disorder-by-Giovanna-1-769x1024.jpg 769w, https:\/\/quiltimprov.art\/wp-content\/uploads\/2023\/02\/order-disorder-by-Giovanna-1-225x300.jpg 225w, https:\/\/quiltimprov.art\/wp-content\/uploads\/2023\/02\/order-disorder-by-Giovanna-1-768x1023.jpg 768w, https:\/\/quiltimprov.art\/wp-content\/uploads\/2023\/02\/order-disorder-by-Giovanna-1-9x12.jpg 9w, https:\/\/quiltimprov.art\/wp-content\/uploads\/2023\/02\/order-disorder-by-Giovanna-1-250x333.jpg 250w, https:\/\/quiltimprov.art\/wp-content\/uploads\/2023\/02\/order-disorder-by-Giovanna-1-550x733.jpg 550w, https:\/\/quiltimprov.art\/wp-content\/uploads\/2023\/02\/order-disorder-by-Giovanna-1-800x1066.jpg 800w, https:\/\/quiltimprov.art\/wp-content\/uploads\/2023\/02\/order-disorder-by-Giovanna-1-135x180.jpg 135w, https:\/\/quiltimprov.art\/wp-content\/uploads\/2023\/02\/order-disorder-by-Giovanna-1-375x500.jpg 375w, https:\/\/quiltimprov.art\/wp-content\/uploads\/2023\/02\/order-disorder-by-Giovanna-1-rotated.jpg 1041w\" sizes=\"auto, (max-width: 769px) 100vw, 769px\" \/><\/p>\n<\/div>\n<\/div>\n<\/div>\n<div class=\"row\" style=\"width: 100%; display: inline-block;\">\n<div class=\"col-md-12 col-sm-12 col-xs-12 col-lg-12\">\n<p class=\"\" style=\"text-align: center;\"><img loading=\"lazy\" decoding=\"async\" class=\"bg-img bg-img-3 wp-image-1779\" src=\"https:\/\/quiltimprov.art\/wp-content\/uploads\/2023\/02\/IMG-20230128-WA0000-768x1024.jpg\" alt=\"\" width=\"768\" height=\"1024\"><\/p>\n<\/div>\n<\/div>\n<div class=\"row\" style=\"width: 100%; display: inline-block;\">\n<div class=\"col-md-12 col-sm-12 col-xs-12 col-lg-12\">\n<p class=\"\" style=\"text-align: center;\"><img loading=\"lazy\" decoding=\"async\" class=\"bg-img bg-img-3 wp-image-1782\" src=\"https:\/\/quiltimprov.art\/wp-content\/uploads\/2023\/02\/color-dualism-by-Paola-768x1024.jpg\" alt=\"\" width=\"768\" height=\"1024\"><\/p>\n<\/div>\n<\/div>\n<\/div>\n<\/div>\n<\/div>\n<div class=\"row\" style=\"padding-top: 50px; padding-bottom: 50px;\">\n<div class=\"col-md-4 col-xs-12 col-sm-6 col-lg-4\">\n<p class=\"\" style=\"text-align: center;\"><i class=\"color2-background-color color-2-text-contrast bg-background-color fa fa-paint-brush\" style=\"border-radius: 50px; padding: 0.5em; font-size: 35px;\" aria-hidden=\"true\"><span style=\"display: none;\">&nbsp;<\/span><\/i><\/p>\n<h3 class=\"\" style=\"text-align: center;\">STRUTTURA<\/h3>\n<p style=\"text-align: center;\">MISURA DEL LAVORO FINITO:<\/p>\n<p style=\"text-align: center;\">minimo 60x60cm, massimo a piacere.<\/p>\n<p class=\"\" style=\"text-align: center;\">&nbsp;<\/p>\n<p class=\"\" style=\"text-align: center;\">MATERIALI:<\/p>\n<p class=\"\" style=\"text-align: center;\">Seleziona le stoffe a tinta unita o stampate che preferisci, e usa colore o forma in modo da esprimere il dualismo nella tua composizione!<\/p>\n<\/div>\n<div class=\"col-md-4 col-xs-12 col-sm-6 col-lg-4\">\n<p class=\"\" style=\"text-align: center;\"><i class=\"color2-background-color color-2-text-contrast bg-background-color fa fa-paper-plane-o\" style=\"border-radius: 50px; padding: 0.5em; font-size: 35px;\" aria-hidden=\"true\"><span style=\"display: none;\">&nbsp;<\/span><\/i><\/p>\n<h3 class=\"\" style=\"text-align: center;\">CONDIVISIONE<\/h3>\n<p class=\"\" style=\"text-align: center;\">LA PARTECIPAZIONE SI BASA SULLA PUBBLICAZIONE DI FOTO<\/p>\n<p style=\"text-align: center;\">Puoi giocare con noi!<\/p>\n<p class=\"\" style=\"text-align: center;\">Se inizi a cucire e pubblicare le foto del tuo lavoro su Instagram, avvisaci inserendo nel primo post il nostro nome: <a href=\"https:\/\/www.instagram.com\/quiltimprovstudio\/\">@quiltimprovstudio<\/a>, e ricordati di pubblicare le foto del tuo lavoro su Instagram usando questi hashtag che caratterizzano il gioco in corso:<\/p>\n<p class=\"\" style=\"text-align: center;\"><span style=\"text-decoration: underline;\"><a href=\"https:\/\/www.instagram.com\/explore\/tags\/qisdualism\/\">#qisdualism<\/a><\/span><\/p>\n<p class=\"\" style=\"text-align: center;\"><span style=\"text-decoration: underline;\"><a href=\"https:\/\/www.instagram.com\/explore\/tags\/quiltimprovstudio\/\">#quiltimprovstudio<\/a><\/span><\/p>\n<p class=\"\" style=\"text-align: center;\"><strong>La scadenza per pubblicare il quilt finito \u00e8 il 2 luglio 2023.&nbsp;<\/strong><\/p>\n<p class=\"\" style=\"text-align: center; margin-top: 20px; margin-bottom: 35px;\"><a class=\"btn-color-2 btn btn-small-caps btn-pill btn-raised btn-regular\" href=\"https:\/\/quiltimprov.art\/it\/challenges\/\">Regole generali dei nostri giochi<\/a><\/p>\n<\/div>\n<div class=\"col-md-4 col-xs-12 col-sm-6 col-lg-4\">\n<p class=\"\" style=\"text-align: center;\"><i class=\"color2-background-color color-2-text-contrast bg-background-color fa fa-magic\" style=\"border-radius: 50px; padding: 0.5em; font-size: 35px; border-width: 0px;\" aria-hidden=\"true\"><span style=\"display: none;\">&nbsp;<\/span><\/i><\/p>\n<h3 class=\"\" style=\"text-align: center;\">FOTOGRAFIE<\/h3>\n<p class=\"\" style=\"text-align: center;\">PUBBLICARE SU INSTAGRAM ALMENO 3-4 FOTO IN CORSO D'OPERA, CHE INCLUDANO:<\/p>\n<p class=\"\" style=\"text-align: center;\">le stoffe scelte,<\/p>\n<p style=\"text-align: center;\">l\u2019avvio del lavoro,<\/p>\n<p class=\"\" style=\"text-align: center;\">le prove di composizione,<\/p>\n<p class=\"\" style=\"text-align: center;\">la quiltatura,<\/p>\n<p class=\"\" style=\"text-align: center;\">il quilt finito.<\/p>\n<p class=\"\" style=\"text-align: center; margin-top: 20px; margin-bottom: 35px;\"><a class=\"btn-color-2 btn btn-small-caps btn-pill btn-raised btn-regular\" href=\"https:\/\/quiltimprov.art\/it\/challenges\/\">Come fotografare il tuo quilt<\/a><\/p>\n<\/div>\n<\/div>\n<div class=\"row color3-background-color color-3-text-contrast bg-background-color\" style=\"padding-top: 50px; padding-bottom: 50px; border-width: 0px;\">\n<div class=\"col-md-6 col-sm-12 col-xs-12 col-lg-6\">\n<h4 class=\"\" style=\"margin-bottom: 10px;\"><a href=\"https:\/\/quiltimprov.art\/it\/blog\/\">Le storie di chi ha gi\u00e0 giocato con noi<\/a><\/h4>\n<div class=\"row bg-editor-hr-wrap\">\n<div class=\"col-md-8 col-sm-8 col-xs-12 col-lg-8\">\n<hr class=\"color2-color bg-hr\" style=\"border: 3px solid; margin-left: 0px;\" width=\"20%\">\n<\/div>\n<div class=\"col-md-4 col-sm-4 col-xs-12 col-lg-4\">\n<p class=\"\">&nbsp;<\/p>\n<\/div>\n<\/div>\n<h4 class=\"\" style=\"margin-bottom: 10px;\"><a href=\"https:\/\/quiltimprov.art\/it\/gallery\/\">Creiamo mostre virtuali... e qualche volta, reali<\/a><\/h4>\n<div class=\"row bg-editor-hr-wrap\">\n<div class=\"col-md-8 col-sm-8 col-xs-12 col-lg-8\">\n<hr class=\"color2-color bg-hr\" style=\"border: 3px solid; margin-left: 0px;\" width=\"40%\">\n<\/div>\n<div class=\"col-md-4 col-sm-4 col-xs-12 col-lg-4\">\n<div>\n<p class=\"\">&nbsp;<\/p>\n<\/div>\n<\/div>\n<\/div>\n<h4 class=\"\" style=\"margin-bottom: 10px;\"><a href=\"https:\/\/quiltimprov.art\/it\/\">cosa ne pensiamo dell'improv<\/a><\/h4>\n<div class=\"row bg-editor-hr-wrap\">\n<div class=\"col-md-8 col-sm-8 col-xs-12 col-lg-8\">\n<hr class=\"color2-color bg-hr\" style=\"border: 3px solid; margin-left: 0px;\" width=\"60%\">\n<\/div>\n<div class=\"col-md-4 col-sm-4 col-xs-12 col-lg-4\">\n<p class=\"\">&nbsp;<\/p>\n<\/div>\n<\/div>\n<h4 class=\"\" style=\"margin-bottom: 10px;\"><a href=\"https:\/\/quiltimprov.art\/it\/contact-us\/\">contattaci<\/a><\/h4>\n<div class=\"row bg-editor-hr-wrap\">\n<div class=\"col-md-8 col-sm-8 col-xs-12 col-lg-8\">\n<hr class=\"color2-color bg-hr\" style=\"border: 3px solid; margin-left: 0px;\" width=\"100%\">\n<\/div>\n<div class=\"col-md-4 col-sm-4 col-xs-12 col-lg-4\">\n<p class=\"\">&nbsp;<\/p>\n<\/div>\n<\/div>\n<\/div>\n<div class=\"col-md-1 col-sm-12 col-xs-12 col-lg-1\"><\/div>\n<div class=\"col-md-5 col-sm-12 col-xs-12 align-column-center col-lg-5\" style=\"padding: 1em;\">\n<p class=\"\" style=\"text-align: center;\"><img loading=\"lazy\" decoding=\"async\" class=\"bg-img bg-img-3 alignnone wp-image-1819 size-large\" src=\"https:\/\/quiltimprov.art\/wp-content\/uploads\/2023\/02\/dualism-light-and-shadow-by-Carla-1024x1024.jpg\" alt=\"\" width=\"1024\" height=\"1024\" srcset=\"https:\/\/quiltimprov.art\/wp-content\/uploads\/2023\/02\/dualism-light-and-shadow-by-Carla-1024x1024.jpg 1024w, https:\/\/quiltimprov.art\/wp-content\/uploads\/2023\/02\/dualism-light-and-shadow-by-Carla-300x300.jpg 300w, https:\/\/quiltimprov.art\/wp-content\/uploads\/2023\/02\/dualism-light-and-shadow-by-Carla-150x150.jpg 150w, https:\/\/quiltimprov.art\/wp-content\/uploads\/2023\/02\/dualism-light-and-shadow-by-Carla-768x768.jpg 768w, https:\/\/quiltimprov.art\/wp-content\/uploads\/2023\/02\/dualism-light-and-shadow-by-Carla-1536x1536.jpg 1536w, https:\/\/quiltimprov.art\/wp-content\/uploads\/2023\/02\/dualism-light-and-shadow-by-Carla-12x12.jpg 12w, https:\/\/quiltimprov.art\/wp-content\/uploads\/2023\/02\/dualism-light-and-shadow-by-Carla-48x48.jpg 48w, https:\/\/quiltimprov.art\/wp-content\/uploads\/2023\/02\/dualism-light-and-shadow-by-Carla-250x250.jpg 250w, https:\/\/quiltimprov.art\/wp-content\/uploads\/2023\/02\/dualism-light-and-shadow-by-Carla-550x550.jpg 550w, https:\/\/quiltimprov.art\/wp-content\/uploads\/2023\/02\/dualism-light-and-shadow-by-Carla-800x800.jpg 800w, https:\/\/quiltimprov.art\/wp-content\/uploads\/2023\/02\/dualism-light-and-shadow-by-Carla-180x180.jpg 180w, https:\/\/quiltimprov.art\/wp-content\/uploads\/2023\/02\/dualism-light-and-shadow-by-Carla-500x500.jpg 500w, https:\/\/quiltimprov.art\/wp-content\/uploads\/2023\/02\/dualism-light-and-shadow-by-Carla.jpg 1600w\" sizes=\"auto, (max-width: 1024px) 100vw, 1024px\" \/><\/p>\n<\/div>\n<\/div>\n<\/div>\n<\/div>\n<div class=\"boldgrid-section\">\n<div class=\"container\">\n<div class=\"row\">\n<div class=\"col-lg-12 col-md-12 col-xs-12 col-sm-12\">\n<p class=\"\">&nbsp;<\/p>\n<\/div>\n<\/div>\n<\/div>\n<\/div>","protected":false},"excerpt":{"rendered":"<p>improvise with dualism! \u201cQIS Dualism\u201d is our seventh improv patchwork game, aimed to let you play with opposition, rivalry, disagreement, from February 10th to July 2nd, 2023. how many means of expression do we have in our quilts? We can express dualism with colors. You can see in this photo how Ken Smith used contrast\/dualism [&hellip;]<\/p>","protected":false},"author":2,"featured_media":0,"parent":0,"menu_order":0,"comment_status":"closed","ping_status":"closed","template":"","meta":{"bgseo_title":"","bgseo_description":"","bgseo_robots_index":"index","bgseo_robots_follow":"follow","footnotes":""},"class_list":["post-1761","page","type-page","status-publish"],"_links":{"self":[{"href":"https:\/\/quiltimprov.art\/it\/wp-json\/wp\/v2\/pages\/1761","targetHints":{"allow":["GET"]}}],"collection":[{"href":"https:\/\/quiltimprov.art\/it\/wp-json\/wp\/v2\/pages"}],"about":[{"href":"https:\/\/quiltimprov.art\/it\/wp-json\/wp\/v2\/types\/page"}],"author":[{"embeddable":true,"href":"https:\/\/quiltimprov.art\/it\/wp-json\/wp\/v2\/users\/2"}],"replies":[{"embeddable":true,"href":"https:\/\/quiltimprov.art\/it\/wp-json\/wp\/v2\/comments?post=1761"}],"version-history":[{"count":10,"href":"https:\/\/quiltimprov.art\/it\/wp-json\/wp\/v2\/pages\/1761\/revisions"}],"predecessor-version":[{"id":1820,"href":"https:\/\/quiltimprov.art\/it\/wp-json\/wp\/v2\/pages\/1761\/revisions\/1820"}],"wp:attachment":[{"href":"https:\/\/quiltimprov.art\/it\/wp-json\/wp\/v2\/media?parent=1761"}],"curies":[{"name":"wp","href":"https:\/\/api.w.org\/{rel}","templated":true}]}}