{"id":1981,"date":"2025-10-26T13:00:46","date_gmt":"2025-10-26T11:00:46","guid":{"rendered":"https:\/\/quiltimprov.art\/?page_id=1981"},"modified":"2025-10-25T22:50:14","modified_gmt":"2025-10-25T20:50:14","slug":"modular-rhythms","status":"publish","type":"page","link":"https:\/\/quiltimprov.art\/it\/modular-rhythms\/","title":{"rendered":"Ritmi modulari"},"content":{"rendered":"<div class=\"color2-background-color color-2-text-contrast bg-background-color tmpl-portfolio-7 boldgrid-section dynamic-gridblock\">\n<div class=\"container\">\n<div class=\"row\">\n<div class=\"col-md-4 col-xs-4 col-sm-4 col-lg-4\">\n<div class=\"bg-box-cover bg-box-flush bg-box\">\n<p class=\"mod-reset\"><img loading=\"lazy\" decoding=\"async\" class=\"bg-img alignnone wp-image-1979 size-medium\" src=\"https:\/\/quiltimprov.art\/wp-content\/uploads\/2025\/10\/IMG-20251017-WA0004-300x225.jpg\" alt=\"\" width=\"300\" height=\"225\" srcset=\"https:\/\/quiltimprov.art\/wp-content\/uploads\/2025\/10\/IMG-20251017-WA0004-300x225.jpg 300w, https:\/\/quiltimprov.art\/wp-content\/uploads\/2025\/10\/IMG-20251017-WA0004-1024x768.jpg 1024w, https:\/\/quiltimprov.art\/wp-content\/uploads\/2025\/10\/IMG-20251017-WA0004-768x576.jpg 768w, https:\/\/quiltimprov.art\/wp-content\/uploads\/2025\/10\/IMG-20251017-WA0004-1536x1152.jpg 1536w, https:\/\/quiltimprov.art\/wp-content\/uploads\/2025\/10\/IMG-20251017-WA0004-16x12.jpg 16w, https:\/\/quiltimprov.art\/wp-content\/uploads\/2025\/10\/IMG-20251017-WA0004-250x188.jpg 250w, https:\/\/quiltimprov.art\/wp-content\/uploads\/2025\/10\/IMG-20251017-WA0004-550x413.jpg 550w, https:\/\/quiltimprov.art\/wp-content\/uploads\/2025\/10\/IMG-20251017-WA0004-800x600.jpg 800w, https:\/\/quiltimprov.art\/wp-content\/uploads\/2025\/10\/IMG-20251017-WA0004-240x180.jpg 240w, https:\/\/quiltimprov.art\/wp-content\/uploads\/2025\/10\/IMG-20251017-WA0004-400x300.jpg 400w, https:\/\/quiltimprov.art\/wp-content\/uploads\/2025\/10\/IMG-20251017-WA0004-667x500.jpg 667w, https:\/\/quiltimprov.art\/wp-content\/uploads\/2025\/10\/IMG-20251017-WA0004.jpg 2000w\" sizes=\"auto, (max-width: 300px) 100vw, 300px\" \/><\/p>\n<\/div>\n<\/div>\n<div class=\"col-md-4 col-xs-4 col-sm-4 col-lg-4\">\n<div class=\"bg-box-cover bg-box-flush bg-box\">\n<p class=\"mod-reset\"><img loading=\"lazy\" decoding=\"async\" class=\"bg-img alignnone wp-image-1977 size-medium\" src=\"https:\/\/quiltimprov.art\/wp-content\/uploads\/2025\/10\/IMG-20251017-WA0002-300x225.jpg\" alt=\"\" width=\"300\" height=\"225\" srcset=\"https:\/\/quiltimprov.art\/wp-content\/uploads\/2025\/10\/IMG-20251017-WA0002-300x225.jpg 300w, https:\/\/quiltimprov.art\/wp-content\/uploads\/2025\/10\/IMG-20251017-WA0002-1024x768.jpg 1024w, https:\/\/quiltimprov.art\/wp-content\/uploads\/2025\/10\/IMG-20251017-WA0002-768x576.jpg 768w, https:\/\/quiltimprov.art\/wp-content\/uploads\/2025\/10\/IMG-20251017-WA0002-1536x1152.jpg 1536w, https:\/\/quiltimprov.art\/wp-content\/uploads\/2025\/10\/IMG-20251017-WA0002-16x12.jpg 16w, https:\/\/quiltimprov.art\/wp-content\/uploads\/2025\/10\/IMG-20251017-WA0002-250x188.jpg 250w, https:\/\/quiltimprov.art\/wp-content\/uploads\/2025\/10\/IMG-20251017-WA0002-550x413.jpg 550w, https:\/\/quiltimprov.art\/wp-content\/uploads\/2025\/10\/IMG-20251017-WA0002-800x600.jpg 800w, https:\/\/quiltimprov.art\/wp-content\/uploads\/2025\/10\/IMG-20251017-WA0002-240x180.jpg 240w, https:\/\/quiltimprov.art\/wp-content\/uploads\/2025\/10\/IMG-20251017-WA0002-400x300.jpg 400w, https:\/\/quiltimprov.art\/wp-content\/uploads\/2025\/10\/IMG-20251017-WA0002-667x500.jpg 667w, https:\/\/quiltimprov.art\/wp-content\/uploads\/2025\/10\/IMG-20251017-WA0002.jpg 1600w\" sizes=\"auto, (max-width: 300px) 100vw, 300px\" \/><\/p>\n<\/div>\n<\/div>\n<div class=\"col-md-4 col-xs-4 col-sm-4 col-lg-4\">\n<div class=\"bg-box-cover bg-box-flush bg-box\">\n<p class=\"mod-reset\"><img loading=\"lazy\" decoding=\"async\" class=\"bg-img alignnone wp-image-1978 size-medium\" src=\"https:\/\/quiltimprov.art\/wp-content\/uploads\/2025\/10\/IMG-20251017-WA0005-300x225.jpg\" alt=\"\" width=\"300\" height=\"225\" srcset=\"https:\/\/quiltimprov.art\/wp-content\/uploads\/2025\/10\/IMG-20251017-WA0005-300x225.jpg 300w, https:\/\/quiltimprov.art\/wp-content\/uploads\/2025\/10\/IMG-20251017-WA0005-1024x768.jpg 1024w, https:\/\/quiltimprov.art\/wp-content\/uploads\/2025\/10\/IMG-20251017-WA0005-768x576.jpg 768w, https:\/\/quiltimprov.art\/wp-content\/uploads\/2025\/10\/IMG-20251017-WA0005-1536x1152.jpg 1536w, https:\/\/quiltimprov.art\/wp-content\/uploads\/2025\/10\/IMG-20251017-WA0005-16x12.jpg 16w, https:\/\/quiltimprov.art\/wp-content\/uploads\/2025\/10\/IMG-20251017-WA0005-250x188.jpg 250w, https:\/\/quiltimprov.art\/wp-content\/uploads\/2025\/10\/IMG-20251017-WA0005-550x413.jpg 550w, https:\/\/quiltimprov.art\/wp-content\/uploads\/2025\/10\/IMG-20251017-WA0005-800x600.jpg 800w, https:\/\/quiltimprov.art\/wp-content\/uploads\/2025\/10\/IMG-20251017-WA0005-240x180.jpg 240w, https:\/\/quiltimprov.art\/wp-content\/uploads\/2025\/10\/IMG-20251017-WA0005-400x300.jpg 400w, https:\/\/quiltimprov.art\/wp-content\/uploads\/2025\/10\/IMG-20251017-WA0005-667x500.jpg 667w, https:\/\/quiltimprov.art\/wp-content\/uploads\/2025\/10\/IMG-20251017-WA0005.jpg 2000w\" sizes=\"auto, (max-width: 300px) 100vw, 300px\" \/><\/p>\n<\/div>\n<\/div>\n<\/div>\n<div class=\"row\" style=\"padding: 50px 0;\">\n<div class=\"col-md-12 col-xs-12 col-sm-12 col-lg-12\">\n<p class=\"\" style=\"text-align: center;\">Il nuovo gioco di Quilt Improv Studio \u00e8 arrivato! \u201cRitmi Modulari\u201d nasce dal desiderio di approfondire il linguaggio dell\u2019improv quilting\nmoderno, con un focus su:<\/p>\n<p class=\"\" style=\"text-align: center;\"><strong>Linee essenziali<\/strong><br \/>\n<strong>Semplicit\u00e0 visiva<\/strong><br \/>\n<strong>Composizione spontanea ma strutturata<\/strong><br \/>\n<strong>Espressione personale entro alcuni parametri comuni<\/strong><\/p>\n<p class=\"\" style=\"text-align: center;\">L\u2019invito \u00e8 quello di unire voce individuale e linguaggio condiviso, lavorando con linee, tessuti e improvvisazione.<br \/>\nOgni lavoro creato sar\u00e0 una presenza autonoma, ma parte integrante di una comunit\u00e0: la nostra galleria Instagram, che diventer\u00e0 il luogo virtuale dove verranno pubblicati i lavori.<\/p>\n<p class=\"\" style=\"text-align: center; margin: 10px 0px;\">Al seguente link lo potete scaricare e stampare, per iniziare una nuova avventura improv insieme a noi!<\/p>\n<h2 class=\"\" style=\"text-align: center;\">\ud83c\uddec\ud83c\udde7<\/h2>\n<h2 class=\"\" style=\"text-align: center;\"><a href=\"https:\/\/quiltimprov.art\/wp-content\/uploads\/2025\/10\/Website-Modular-Rhythms.pdf\"><span style=\"text-decoration: underline;\">download<\/span> <span style=\"text-decoration: underline;\">p<\/span><\/a><span style=\"text-decoration: underline;\">df<\/span><\/h2>\n<h2 class=\"\" style=\"text-align: center;\">modular rhythms<\/h2>\n<p class=\"\">&nbsp;<\/p>\n<h2 class=\"\" style=\"text-align: center;\"><span style=\"text-decoration: underline;\">\ud83c\uddee\ud83c\uddf9 <\/span><\/h2>\n<h2 class=\"\" style=\"text-align: center;\"><a href=\"https:\/\/quiltimprov.art\/wp-content\/uploads\/2025\/10\/Sito-Ritmi_Modulari.pdf\"><span style=\"text-decoration: underline;\">scarica file<\/span><\/a><\/h2>\n<h2 class=\"\" style=\"text-align: center;\">ritmi Modulari<\/h2>\n<p class=\"\" style=\"text-align: center;\">&nbsp;<\/p>\n<p class=\"\" style=\"text-align: center;\"><a href=\"https:\/\/quiltimprov.art\/it\/img-20251017-wa0006\/\"><img loading=\"lazy\" decoding=\"async\" class=\"aligncenter size-medium wp-image-1980\" src=\"https:\/\/quiltimprov.art\/wp-content\/uploads\/2025\/10\/IMG-20251017-WA0006-225x300.jpg\" alt=\"\" width=\"225\" height=\"300\" srcset=\"https:\/\/quiltimprov.art\/wp-content\/uploads\/2025\/10\/IMG-20251017-WA0006-225x300.jpg 225w, https:\/\/quiltimprov.art\/wp-content\/uploads\/2025\/10\/IMG-20251017-WA0006-768x1024.jpg 768w, https:\/\/quiltimprov.art\/wp-content\/uploads\/2025\/10\/IMG-20251017-WA0006-1152x1536.jpg 1152w, https:\/\/quiltimprov.art\/wp-content\/uploads\/2025\/10\/IMG-20251017-WA0006-9x12.jpg 9w, https:\/\/quiltimprov.art\/wp-content\/uploads\/2025\/10\/IMG-20251017-WA0006-250x333.jpg 250w, https:\/\/quiltimprov.art\/wp-content\/uploads\/2025\/10\/IMG-20251017-WA0006-550x733.jpg 550w, https:\/\/quiltimprov.art\/wp-content\/uploads\/2025\/10\/IMG-20251017-WA0006-800x1067.jpg 800w, https:\/\/quiltimprov.art\/wp-content\/uploads\/2025\/10\/IMG-20251017-WA0006-135x180.jpg 135w, https:\/\/quiltimprov.art\/wp-content\/uploads\/2025\/10\/IMG-20251017-WA0006-375x500.jpg 375w, https:\/\/quiltimprov.art\/wp-content\/uploads\/2025\/10\/IMG-20251017-WA0006.jpg 1500w\" sizes=\"auto, (max-width: 225px) 100vw, 225px\" \/><\/a><\/p>\n<\/div>\n<\/div>\n<div class=\"row\">\n<div class=\"col-md-4 col-xs-4 col-sm-4 col-lg-4\">\n<div class=\"bg-box-cover bg-box-flush bg-box\"><\/div>\n<\/div>\n<div class=\"col-md-4 col-xs-4 col-sm-4 col-lg-4\">\n<div class=\"bg-box-cover bg-box-flush bg-box\">\n<p class=\"mod-reset\">&nbsp;<\/p>\n<\/div>\n<\/div>\n<\/div>\n<\/div>\n<\/div>\n<div class=\"boldgrid-section\">\n<div class=\"container\">\n<div class=\"row\" style=\"padding-top: 0px;\">\n<div class=\"col-lg-12 col-md-12 col-xs-12 col-sm-12\">\n<p class=\"\">&nbsp;<\/p>\n<\/div>\n<\/div>\n<\/div>\n<\/div>","protected":false},"excerpt":{"rendered":"<p>\u201cModular Rhythms\u201d was born from the desire to explore and deepen the language of modern improv quilting, with a focus on: Essential lines Visual simplicity Spontaneous yet structured composition Personal expression within shared parameters This is an invitation to blend your individual voice with a collective visual language, through lines, fabrics, and improvisation. While each [&hellip;]<\/p>","protected":false},"author":2,"featured_media":0,"parent":0,"menu_order":0,"comment_status":"closed","ping_status":"closed","template":"","meta":{"bgseo_title":"","bgseo_description":"","bgseo_robots_index":"index","bgseo_robots_follow":"follow","footnotes":""},"class_list":["post-1981","page","type-page","status-publish"],"_links":{"self":[{"href":"https:\/\/quiltimprov.art\/it\/wp-json\/wp\/v2\/pages\/1981","targetHints":{"allow":["GET"]}}],"collection":[{"href":"https:\/\/quiltimprov.art\/it\/wp-json\/wp\/v2\/pages"}],"about":[{"href":"https:\/\/quiltimprov.art\/it\/wp-json\/wp\/v2\/types\/page"}],"author":[{"embeddable":true,"href":"https:\/\/quiltimprov.art\/it\/wp-json\/wp\/v2\/users\/2"}],"replies":[{"embeddable":true,"href":"https:\/\/quiltimprov.art\/it\/wp-json\/wp\/v2\/comments?post=1981"}],"version-history":[{"count":10,"href":"https:\/\/quiltimprov.art\/it\/wp-json\/wp\/v2\/pages\/1981\/revisions"}],"predecessor-version":[{"id":2005,"href":"https:\/\/quiltimprov.art\/it\/wp-json\/wp\/v2\/pages\/1981\/revisions\/2005"}],"wp:attachment":[{"href":"https:\/\/quiltimprov.art\/it\/wp-json\/wp\/v2\/media?parent=1981"}],"curies":[{"name":"wp","href":"https:\/\/api.w.org\/{rel}","templated":true}]}}